{"id":20,"date":"2024-06-03T18:36:57","date_gmt":"2024-06-03T21:36:57","guid":{"rendered":"http:\/\/novopos.cavg.ifsul.edu.br\/?page_id=20"},"modified":"2025-06-29T15:06:04","modified_gmt":"2025-06-29T18:06:04","slug":"formularios","status":"publish","type":"page","link":"https:\/\/especializacao.cavg.ifsul.edu.br\/index.php\/formularios\/","title":{"rendered":"Formul\u00e1rios"},"content":{"rendered":"\n<figure class=\"wp-block-table has-small-font-size\"><table><tbody><tr><td><strong>Formul\u00e1rios para Matr\u00edcula<\/strong><\/td><td><a href=\"https:\/\/especializacao.cavg.ifsul.edu.br\/wp-content\/uploads\/2025\/04\/Documento_CECTE_Formulario_Matricula.docx\" target=\"_blank\" rel=\"noreferrer noopener\">Formul\u00e1rio de Matr\u00edcula<\/a><br><a href=\"https:\/\/especializacao.cavg.ifsul.edu.br\/wp-content\/uploads\/2025\/04\/Documento_CECTE_Formulario_Trancamento_Matricula.docx\">Formul\u00e1rio de Trancamento de Matr\u00edcula<\/a><br><a href=\"https:\/\/especializacao.cavg.ifsul.edu.br\/wp-content\/uploads\/2025\/04\/Documento_CECTE_Formulario_Aproveitamento_Estudos.docx\" target=\"_blank\" rel=\"noreferrer noopener\">Formul\u00e1rio de Aproveitamento de Estudos<\/a><br><a href=\"https:\/\/especializacao.cavg.ifsul.edu.br\/wp-content\/uploads\/2025\/04\/Documento_CECTE_Requerimento_Prorrogacao.docx\" target=\"_blank\" rel=\"noreferrer noopener\">Formul\u00e1rio de Prorroga\u00e7\u00e3o<\/a><a href=\"https:\/\/especializacao.cavg.ifsul.edu.br\/wp-content\/uploads\/2024\/06\/Documento_CPGCITED_Requerimento_Prorrogao.doc\" target=\"_blank\" rel=\"noreferrer noopener\">&nbsp;<\/a><br><a href=\"https:\/\/especializacao.cavg.ifsul.edu.br\/wp-content\/uploads\/2025\/04\/Documento_CECTE_Requerimento_Migracao.docx\" target=\"_blank\" rel=\"noreferrer noopener\">Formul\u00e1rio de Migra\u00e7\u00e3o<\/a><\/td><\/tr><tr><td><strong>Formul\u00e1rio para Orienta\u00e7\u00e3o\/Coorienta\u00e7\u00e3o<\/strong><\/td><td><a href=\"https:\/\/especializacao.cavg.ifsul.edu.br\/wp-content\/uploads\/2025\/01\/Documento_CECTE_Termo_de_Orientacao.docx\" target=\"_blank\" rel=\"noreferrer noopener\">Formul\u00e1rio de orienta\u00e7\u00e3o<\/a><br><a href=\"https:\/\/especializacao.cavg.ifsul.edu.br\/wp-content\/uploads\/2025\/01\/Documento_CECTE_Termo_de_Coorientacao.docx\" target=\"_blank\" rel=\"noreferrer noopener\">Formul\u00e1rio de Coorienta\u00e7\u00e3o<\/a><\/td><\/tr><tr><td><strong>Formul\u00e1rio para marcar Defesa de TCC<\/strong><\/td><td><a href=\"https:\/\/especializacao.cavg.ifsul.edu.br\/wp-content\/uploads\/2025\/01\/Documento_CECTE_Requerimento_Banca_Defesa.docx\" target=\"_blank\" rel=\"noreferrer noopener\">Requerimento para Banca de Defesa de TCC<\/a><br>Acompanhado de:<br>1) Vers\u00e3o do TCC (que ser\u00e1 submetida \u00e0 banca), em PDF.<\/td><\/tr><tr><td><strong>Convite e Parecer (para uso da Secretaria)<\/strong><\/td><td><a href=\"https:\/\/especializacao.cavg.ifsul.edu.br\/wp-content\/uploads\/2024\/10\/Convite_Defesas_GERAL.docx\">Convite Geral<\/a><br><a href=\"https:\/\/especializacao.cavg.ifsul.edu.br\/wp-content\/uploads\/2024\/10\/Convite_Defesas_BANCAS.docx\">Convite para a Banca<\/a><br><a href=\"https:\/\/especializacao.cavg.ifsul.edu.br\/wp-content\/uploads\/2025\/01\/Documento_CECTE_Parecer_Banca.docx\" target=\"_blank\" rel=\"noreferrer noopener\">Parecer da Banca<\/a><br><a href=\"https:\/\/especializacao.cavg.ifsul.edu.br\/wp-content\/uploads\/2025\/01\/Documento_CECTE_Ata_Defesa.docx\">Ata de Defesa de TCC<\/a><\/td><\/tr><tr><td><strong>Formul\u00e1rios para Entrega da Vers\u00e3o Final<\/strong><\/td><td><a href=\"https:\/\/especializacao.cavg.ifsul.edu.br\/wp-content\/uploads\/2025\/01\/Documento_CECTE_Requerimento_Certificado_de_Conclusao.docx\" target=\"_blank\" rel=\"noreferrer noopener\">Requerimento para Certificado de Conclus\u00e3o<\/a><br><a href=\"https:\/\/especializacao.cavg.ifsul.edu.br\/wp-content\/uploads\/2025\/01\/Documento_CECTE_Termo_de_Autorizacao_Biblioteca.doc\" target=\"_blank\" rel=\"noreferrer noopener\">Termo de Autoriza\u00e7\u00e3o da Biblioteca<\/a><br><a href=\"https:\/\/especializacao.cavg.ifsul.edu.br\/wp-content\/uploads\/2025\/01\/Documento_CECTE_Termo_de_Consentimento_do_Orientador.docx\" target=\"_blank\" rel=\"noreferrer noopener\">Termo de Consentimento do Orientador<\/a><br>Acompanhados de:<br>1) Vers\u00e3o final do TCC, em PDF;<br>2) Ata de defesa, assinada.<br><\/td><\/tr><tr><td><strong>Formul\u00e1rio Modelo (solicita\u00e7\u00f5es em geral)<\/strong><\/td><td><a href=\"https:\/\/especializacao.cavg.ifsul.edu.br\/wp-content\/uploads\/2025\/01\/Documento_CECTE__Modelo.docx\" target=\"_blank\" rel=\"noreferrer noopener\">Formul\u00e1rio Modelo para Solicita\u00e7\u00f5es &#8211; CECTE<\/a><\/td><\/tr><tr><td><strong>Logo do Curso<\/strong><\/td><td><a href=\"https:\/\/especializacao.cavg.ifsul.edu.br\/wp-content\/uploads\/2024\/06\/Logo_Esp_Cited.jpg\">Logo CECTE<\/a><\/td><\/tr><\/tbody><\/table><\/figure>\n\n\n","protected":false},"excerpt":{"rendered":"<p>Formul\u00e1rios para Matr\u00edcula Formul\u00e1rio de Matr\u00edculaFormul\u00e1rio de Trancamento de Matr\u00edculaFormul\u00e1rio de Aproveitamento de EstudosFormul\u00e1rio de Prorroga\u00e7\u00e3o&nbsp;Formul\u00e1rio de Migra\u00e7\u00e3o Formul\u00e1rio para Orienta\u00e7\u00e3o\/Coorienta\u00e7\u00e3o Formul\u00e1rio de orienta\u00e7\u00e3oFormul\u00e1rio de Coorienta\u00e7\u00e3o Formul\u00e1rio para marcar Defesa de TCC Requerimento para Banca de Defesa de TCCAcompanhado de:1) Vers\u00e3o do TCC (que ser\u00e1 submetida \u00e0 banca), em PDF. Convite e Parecer (para uso [&hellip;]<\/p>\n","protected":false},"author":1,"featured_media":0,"parent":0,"menu_order":0,"comment_status":"closed","ping_status":"closed","template":"","meta":{"footnotes":""},"class_list":["post-20","page","type-page","status-publish","hentry"],"_links":{"self":[{"href":"https:\/\/especializacao.cavg.ifsul.edu.br\/index.php\/wp-json\/wp\/v2\/pages\/20","targetHints":{"allow":["GET"]}}],"collection":[{"href":"https:\/\/especializacao.cavg.ifsul.edu.br\/index.php\/wp-json\/wp\/v2\/pages"}],"about":[{"href":"https:\/\/especializacao.cavg.ifsul.edu.br\/index.php\/wp-json\/wp\/v2\/types\/page"}],"author":[{"embeddable":true,"href":"https:\/\/especializacao.cavg.ifsul.edu.br\/index.php\/wp-json\/wp\/v2\/users\/1"}],"replies":[{"embeddable":true,"href":"https:\/\/especializacao.cavg.ifsul.edu.br\/index.php\/wp-json\/wp\/v2\/comments?post=20"}],"version-history":[{"count":39,"href":"https:\/\/especializacao.cavg.ifsul.edu.br\/index.php\/wp-json\/wp\/v2\/pages\/20\/revisions"}],"predecessor-version":[{"id":895,"href":"https:\/\/especializacao.cavg.ifsul.edu.br\/index.php\/wp-json\/wp\/v2\/pages\/20\/revisions\/895"}],"wp:attachment":[{"href":"https:\/\/especializacao.cavg.ifsul.edu.br\/index.php\/wp-json\/wp\/v2\/media?parent=20"}],"curies":[{"name":"wp","href":"https:\/\/api.w.org\/{rel}","templated":true}]}}