{"id":24,"date":"2024-06-03T18:38:30","date_gmt":"2024-06-03T21:38:30","guid":{"rendered":"http:\/\/novopos.cavg.ifsul.edu.br\/?page_id=24"},"modified":"2025-05-18T21:13:52","modified_gmt":"2025-05-19T00:13:52","slug":"ppc-e-regimento","status":"publish","type":"page","link":"https:\/\/especializacao.cavg.ifsul.edu.br\/index.php\/ppc-e-regimento\/","title":{"rendered":"PPC e Regulamento"},"content":{"rendered":"\n<figure class=\"wp-block-table\"><table><tbody><tr><td><strong>Projeto Pedag\u00f3gico do Curso<\/strong><\/td><td><a href=\"https:\/\/especializacao.cavg.ifsul.edu.br\/wp-content\/uploads\/2024\/06\/PPC_CECTE_2015.pdf\" data-type=\"page\" data-id=\"24\">PPC_CECTE_2015<\/a><br><br><a href=\"https:\/\/especializacao.cavg.ifsul.edu.br\/wp-content\/uploads\/2024\/06\/PPC_Cincias_Tecnologias_Educao_08_07_2023.pdf\" data-type=\"page\" data-id=\"24\">PPC_CECTE_2023<\/a><br><br><a href=\"https:\/\/especializacao.cavg.ifsul.edu.br\/wp-content\/uploads\/2024\/06\/PPC_CECTE_2024_Versao_Final.pdf\" data-type=\"page\" data-id=\"24\">PPC_CECTE_2024<\/a><br><\/td><\/tr><tr><td><strong>Regulamento do Trabalho de Conclus\u00e3o de Curso (TCC)<\/strong><\/td><td><a href=\"https:\/\/especializacao.cavg.ifsul.edu.br\/wp-content\/uploads\/2024\/07\/Regulamento_TCC_2024.pdf\">Regulamento_TCC_2024<\/a><\/td><\/tr><tr><td><strong>Regulamento Geral do Curso<\/strong><\/td><td><a href=\"https:\/\/especializacao.cavg.ifsul.edu.br\/wp-content\/uploads\/2024\/06\/Regimento_Esp_CITED_17_03_2023.pdf\" data-type=\"page\" data-id=\"24\">Regulamento_CECTE_2023<\/a><br><br><a href=\"https:\/\/especializacao.cavg.ifsul.edu.br\/wp-content\/uploads\/2024\/06\/Regulamento_CECTE_2024_Versao_Final.pdf\" data-type=\"page\" data-id=\"24\">Regulamento_CECTE_2024<\/a><br><br><a href=\"https:\/\/especializacao.cavg.ifsul.edu.br\/wp-content\/uploads\/2025\/05\/Regulamento_CECTE_2025.pdf\">Regulamento_CECTE_2025<\/a><\/td><\/tr><tr><td><strong>Regulamento da P\u00f3s-Gradua\u00e7\u00e3o <em>Lato Sensu<\/em> no IFSul<\/strong><\/td><td><a href=\"https:\/\/especializacao.cavg.ifsul.edu.br\/wp-content\/uploads\/2024\/06\/Resolucao_CONSUP_IFSUL_no_297_de_26_de_julho_de_2023_Regulamento_Lato_sensu.pdf\">Regulamento_P\u00f3s_Lato_sensu_IFSul<\/a><\/td><\/tr><tr><td><strong>Organiza\u00e7\u00e3o Did\u00e1tica<\/strong><\/td><td><a href=\"https:\/\/especializacao.cavg.ifsul.edu.br\/wp-content\/uploads\/2025\/04\/Organizacao_Didatica_IFSUL_Atualizada_-_2024.pdf\">Organiza\u00e7\u00e3o_Did\u00e1tica_IFSul<\/a><\/td><\/tr><\/tbody><\/table><\/figure>\n\n\n","protected":false},"excerpt":{"rendered":"<p>Projeto Pedag\u00f3gico do Curso PPC_CECTE_2015 PPC_CECTE_2023 PPC_CECTE_2024 Regulamento do Trabalho de Conclus\u00e3o de Curso (TCC) Regulamento_TCC_2024 Regulamento Geral do Curso Regulamento_CECTE_2023 Regulamento_CECTE_2024 Regulamento_CECTE_2025 Regulamento da P\u00f3s-Gradua\u00e7\u00e3o Lato Sensu no IFSul Regulamento_P\u00f3s_Lato_sensu_IFSul Organiza\u00e7\u00e3o Did\u00e1tica Organiza\u00e7\u00e3o_Did\u00e1tica_IFSul<\/p>\n","protected":false},"author":1,"featured_media":0,"parent":0,"menu_order":0,"comment_status":"closed","ping_status":"closed","template":"","meta":{"footnotes":""},"class_list":["post-24","page","type-page","status-publish","hentry"],"_links":{"self":[{"href":"https:\/\/especializacao.cavg.ifsul.edu.br\/index.php\/wp-json\/wp\/v2\/pages\/24","targetHints":{"allow":["GET"]}}],"collection":[{"href":"https:\/\/especializacao.cavg.ifsul.edu.br\/index.php\/wp-json\/wp\/v2\/pages"}],"about":[{"href":"https:\/\/especializacao.cavg.ifsul.edu.br\/index.php\/wp-json\/wp\/v2\/types\/page"}],"author":[{"embeddable":true,"href":"https:\/\/especializacao.cavg.ifsul.edu.br\/index.php\/wp-json\/wp\/v2\/users\/1"}],"replies":[{"embeddable":true,"href":"https:\/\/especializacao.cavg.ifsul.edu.br\/index.php\/wp-json\/wp\/v2\/comments?post=24"}],"version-history":[{"count":18,"href":"https:\/\/especializacao.cavg.ifsul.edu.br\/index.php\/wp-json\/wp\/v2\/pages\/24\/revisions"}],"predecessor-version":[{"id":881,"href":"https:\/\/especializacao.cavg.ifsul.edu.br\/index.php\/wp-json\/wp\/v2\/pages\/24\/revisions\/881"}],"wp:attachment":[{"href":"https:\/\/especializacao.cavg.ifsul.edu.br\/index.php\/wp-json\/wp\/v2\/media?parent=24"}],"curies":[{"name":"wp","href":"https:\/\/api.w.org\/{rel}","templated":true}]}}