{"id":26,"date":"2024-06-03T18:38:48","date_gmt":"2024-06-03T21:38:48","guid":{"rendered":"http:\/\/novopos.cavg.ifsul.edu.br\/?page_id=26"},"modified":"2024-12-06T23:32:07","modified_gmt":"2024-12-07T02:32:07","slug":"monografia-e-artigos","status":"publish","type":"page","link":"https:\/\/especializacao.cavg.ifsul.edu.br\/index.php\/monografia-e-artigos\/","title":{"rendered":"Modelos para Monografia e Artigos"},"content":{"rendered":"\n<figure class=\"wp-block-table\"><table><tbody><tr><td><strong>Formato de Monografia<\/strong><\/td><td><a href=\"https:\/\/especializacao.cavg.ifsul.edu.br\/wp-content\/uploads\/2024\/12\/Template_CECTE_Monografia_sem_apendices_anexos.doc\" data-type=\"page\" data-id=\"26\">Template_CECTE_Monografia_(sem_ap\u00eandices_anexos)<\/a><br><br><a href=\"https:\/\/especializacao.cavg.ifsul.edu.br\/wp-content\/uploads\/2024\/06\/Template_APENDICES_GERAL.docx\" data-type=\"attachment\" data-id=\"68\">Template_AP\u00caNDICES_GERAL<\/a><br><br><a href=\"https:\/\/especializacao.cavg.ifsul.edu.br\/wp-content\/uploads\/2024\/06\/Template_APENDICE_1.docx\" data-type=\"page\" data-id=\"26\">Template_AP\u00caNDICE_1<\/a><br><br><a href=\"https:\/\/especializacao.cavg.ifsul.edu.br\/wp-content\/uploads\/2024\/06\/Template_ANEXOS_GERAL.docx\" data-type=\"page\" data-id=\"26\">Template_ANEXOS_GERAL<\/a><br><br><a href=\"https:\/\/especializacao.cavg.ifsul.edu.br\/wp-content\/uploads\/2024\/06\/Template_ANEXO_1.docx\" data-type=\"page\" data-id=\"26\">Template_ANEXO_1<\/a><br><\/td><\/tr><tr><td><strong>Formato de Artigo<\/strong><\/td><td><a href=\"https:\/\/especializacao.cavg.ifsul.edu.br\/wp-content\/uploads\/2024\/07\/Template_CECTE_Artigo.doc\">Template_CECTE_Artigo<\/a><\/td><\/tr><tr><td><strong>Modelo para Slides<\/strong><\/td><td><a href=\"https:\/\/especializacao.cavg.ifsul.edu.br\/wp-content\/uploads\/2024\/06\/Modelo_Slides.pptx\" data-type=\"page\" data-id=\"26\">Slides<\/a><\/td><\/tr><tr><td><strong>Modelo de TCLE<\/strong><\/td><td><a href=\"https:\/\/especializacao.cavg.ifsul.edu.br\/wp-content\/uploads\/2024\/10\/Documento_CECTE_termo_consentimento_livre_esclarecido.doc\">Termo de consentimento Livre Esclarecido<\/a><\/td><\/tr><tr><td><strong>Modelo de TALE<\/strong><\/td><td><a href=\"https:\/\/especializacao.cavg.ifsul.edu.br\/wp-content\/uploads\/2024\/06\/Documento_CECTE_termo_assentimento_livre_esclarecido.doc\">Termo de Assentimento Livre Esclarecido<\/a><\/td><\/tr><\/tbody><\/table><\/figure>\n\n\n\n<p><\/p>\n","protected":false},"excerpt":{"rendered":"<p>Formato de Monografia Template_CECTE_Monografia_(sem_ap\u00eandices_anexos) Template_AP\u00caNDICES_GERAL Template_AP\u00caNDICE_1 Template_ANEXOS_GERAL Template_ANEXO_1 Formato de Artigo Template_CECTE_Artigo Modelo para Slides Slides Modelo de TCLE Termo de consentimento Livre Esclarecido Modelo de TALE Termo de Assentimento Livre Esclarecido<\/p>\n","protected":false},"author":1,"featured_media":0,"parent":0,"menu_order":0,"comment_status":"closed","ping_status":"closed","template":"","meta":{"footnotes":""},"class_list":["post-26","page","type-page","status-publish","hentry"],"_links":{"self":[{"href":"https:\/\/especializacao.cavg.ifsul.edu.br\/index.php\/wp-json\/wp\/v2\/pages\/26","targetHints":{"allow":["GET"]}}],"collection":[{"href":"https:\/\/especializacao.cavg.ifsul.edu.br\/index.php\/wp-json\/wp\/v2\/pages"}],"about":[{"href":"https:\/\/especializacao.cavg.ifsul.edu.br\/index.php\/wp-json\/wp\/v2\/types\/page"}],"author":[{"embeddable":true,"href":"https:\/\/especializacao.cavg.ifsul.edu.br\/index.php\/wp-json\/wp\/v2\/users\/1"}],"replies":[{"embeddable":true,"href":"https:\/\/especializacao.cavg.ifsul.edu.br\/index.php\/wp-json\/wp\/v2\/comments?post=26"}],"version-history":[{"count":25,"href":"https:\/\/especializacao.cavg.ifsul.edu.br\/index.php\/wp-json\/wp\/v2\/pages\/26\/revisions"}],"predecessor-version":[{"id":744,"href":"https:\/\/especializacao.cavg.ifsul.edu.br\/index.php\/wp-json\/wp\/v2\/pages\/26\/revisions\/744"}],"wp:attachment":[{"href":"https:\/\/especializacao.cavg.ifsul.edu.br\/index.php\/wp-json\/wp\/v2\/media?parent=26"}],"curies":[{"name":"wp","href":"https:\/\/api.w.org\/{rel}","templated":true}]}}