{"id":540,"date":"2024-07-17T17:35:46","date_gmt":"2024-07-17T20:35:46","guid":{"rendered":"http:\/\/especializacao.cavg.ifsul.edu.br\/?page_id=540"},"modified":"2025-06-28T22:16:01","modified_gmt":"2025-06-29T01:16:01","slug":"horarios-2025-2","status":"publish","type":"page","link":"https:\/\/especializacao.cavg.ifsul.edu.br\/index.php\/horarios-2025-2\/","title":{"rendered":"Hor\u00e1rios 2025\/2"},"content":{"rendered":"\n<p><strong>Tecnologias Digitais para Educadores<\/strong> (9h30-12h, <strong>Laborat\u00f3rio de Inform\u00e1tica 4<\/strong>) [Prof.\u00aa Andreia Sias Rodrigues; Prof. Fernando Augusto Treptow Brod; Prof. Jo\u00e3o Ladislau Barbar\u00e1 Lopes; Prof.\u00aa Maria Isabel Giusti Moreira; Prof.\u00aa Verlani Timm Hinz]<\/p>\n\n\n\n<p><strong>Teorias de Aprendizagem<\/strong> (14h-15h30 , <strong>Sala 4 do Pr\u00e9dio Verde<\/strong>) [Prof. Maykon Gon\u00e7alves M\u00fcller]<\/p>\n\n\n\n<p><strong>Semin\u00e1rios de Pesquisa I<\/strong> (15h30-18h, <strong>Sala 4 do Pr\u00e9dio Verde<\/strong>) [Prof. Fabr\u00edcio Lovato]<\/p>\n\n\n\n<p><strong>Semin\u00e1rios de Pesquisa III<\/strong> (14h-16h15, <strong>Sala 5 do Pr\u00e9dio Verde<\/strong>) [Prof.\u00aa Gabriela Manzke]<\/p>\n\n\n\n<p><strong>Tecnologias na Educa\u00e7\u00e3o<\/strong> (16h30-18h45, <strong>Laborat\u00f3rio de Inform\u00e1tica 5<\/strong>) [Prof. Raymundo C. M. Ferreira Filho]<\/p>\n\n\n\n<p><\/p>\n\n\n\n<p><\/p>\n\n\n\n<p><\/p>\n","protected":false},"excerpt":{"rendered":"<p>Tecnologias Digitais para Educadores (9h30-12h, Laborat\u00f3rio de Inform\u00e1tica 4) [Prof.\u00aa Andreia Sias Rodrigues; Prof. Fernando Augusto Treptow Brod; Prof. Jo\u00e3o Ladislau Barbar\u00e1 Lopes; Prof.\u00aa Maria Isabel Giusti Moreira; Prof.\u00aa Verlani Timm Hinz] Teorias de Aprendizagem (14h-15h30 , Sala 4 do Pr\u00e9dio Verde) [Prof. Maykon Gon\u00e7alves M\u00fcller] Semin\u00e1rios de Pesquisa I (15h30-18h, Sala 4 do Pr\u00e9dio [&hellip;]<\/p>\n","protected":false},"author":1,"featured_media":0,"parent":0,"menu_order":0,"comment_status":"closed","ping_status":"closed","template":"","meta":{"footnotes":""},"class_list":["post-540","page","type-page","status-publish","hentry"],"_links":{"self":[{"href":"https:\/\/especializacao.cavg.ifsul.edu.br\/index.php\/wp-json\/wp\/v2\/pages\/540","targetHints":{"allow":["GET"]}}],"collection":[{"href":"https:\/\/especializacao.cavg.ifsul.edu.br\/index.php\/wp-json\/wp\/v2\/pages"}],"about":[{"href":"https:\/\/especializacao.cavg.ifsul.edu.br\/index.php\/wp-json\/wp\/v2\/types\/page"}],"author":[{"embeddable":true,"href":"https:\/\/especializacao.cavg.ifsul.edu.br\/index.php\/wp-json\/wp\/v2\/users\/1"}],"replies":[{"embeddable":true,"href":"https:\/\/especializacao.cavg.ifsul.edu.br\/index.php\/wp-json\/wp\/v2\/comments?post=540"}],"version-history":[{"count":24,"href":"https:\/\/especializacao.cavg.ifsul.edu.br\/index.php\/wp-json\/wp\/v2\/pages\/540\/revisions"}],"predecessor-version":[{"id":890,"href":"https:\/\/especializacao.cavg.ifsul.edu.br\/index.php\/wp-json\/wp\/v2\/pages\/540\/revisions\/890"}],"wp:attachment":[{"href":"https:\/\/especializacao.cavg.ifsul.edu.br\/index.php\/wp-json\/wp\/v2\/media?parent=540"}],"curies":[{"name":"wp","href":"https:\/\/api.w.org\/{rel}","templated":true}]}}