{"id":571,"date":"2024-07-27T20:39:15","date_gmt":"2024-07-27T23:39:15","guid":{"rendered":"http:\/\/especializacao.cavg.ifsul.edu.br\/?page_id=571"},"modified":"2024-11-10T23:57:07","modified_gmt":"2024-11-11T02:57:07","slug":"linhas-de-pesquisa","status":"publish","type":"page","link":"https:\/\/especializacao.cavg.ifsul.edu.br\/index.php\/linhas-de-pesquisa\/","title":{"rendered":"\u00c1reas de Concentra\u00e7\u00e3o e Linhas de Pesquisa"},"content":{"rendered":"\n<p><strong>I Ensino de Ci\u00eancias e Matem\u00e1tica<\/strong><\/p>\n\n\n\n<p>Linhas de Pesquisa: Educa\u00e7\u00e3o Infantil, Ensino de Biologia, Ensino de Ci\u00eancias, Ensino de F\u00edsica, Ensino de Matem\u00e1tica, Ensino de Qu\u00edmica, Hist\u00f3ria das Ci\u00eancias.<\/p>\n\n\n\n<p><strong>II Forma\u00e7\u00e3o e Doc\u00eancia<\/strong><\/p>\n\n\n\n<p>Linhas de Pesquisa: Forma\u00e7\u00e3o de Professores, Trabalho Docente.<\/p>\n\n\n\n<p><strong>III Tecnologias na Educa\u00e7\u00e3o<\/strong><\/p>\n\n\n\n<p>Linha de Pesquisa: Tecnologias na Educa\u00e7\u00e3o<\/p>\n\n\n\n<p><strong>IV Inclus\u00e3o<\/strong><\/p>\n\n\n\n<p>Linha de Pesquisa: Inclus\u00e3o<\/p>\n\n\n\n<p><\/p>\n","protected":false},"excerpt":{"rendered":"<p>I Ensino de Ci\u00eancias e Matem\u00e1tica Linhas de Pesquisa: Educa\u00e7\u00e3o Infantil, Ensino de Biologia, Ensino de Ci\u00eancias, Ensino de F\u00edsica, Ensino de Matem\u00e1tica, Ensino de Qu\u00edmica, Hist\u00f3ria das Ci\u00eancias. II Forma\u00e7\u00e3o e Doc\u00eancia Linhas de Pesquisa: Forma\u00e7\u00e3o de Professores, Trabalho Docente. III Tecnologias na Educa\u00e7\u00e3o Linha de Pesquisa: Tecnologias na Educa\u00e7\u00e3o IV Inclus\u00e3o Linha de [&hellip;]<\/p>\n","protected":false},"author":1,"featured_media":0,"parent":0,"menu_order":0,"comment_status":"closed","ping_status":"closed","template":"","meta":{"footnotes":""},"class_list":["post-571","page","type-page","status-publish","hentry"],"_links":{"self":[{"href":"https:\/\/especializacao.cavg.ifsul.edu.br\/index.php\/wp-json\/wp\/v2\/pages\/571","targetHints":{"allow":["GET"]}}],"collection":[{"href":"https:\/\/especializacao.cavg.ifsul.edu.br\/index.php\/wp-json\/wp\/v2\/pages"}],"about":[{"href":"https:\/\/especializacao.cavg.ifsul.edu.br\/index.php\/wp-json\/wp\/v2\/types\/page"}],"author":[{"embeddable":true,"href":"https:\/\/especializacao.cavg.ifsul.edu.br\/index.php\/wp-json\/wp\/v2\/users\/1"}],"replies":[{"embeddable":true,"href":"https:\/\/especializacao.cavg.ifsul.edu.br\/index.php\/wp-json\/wp\/v2\/comments?post=571"}],"version-history":[{"count":4,"href":"https:\/\/especializacao.cavg.ifsul.edu.br\/index.php\/wp-json\/wp\/v2\/pages\/571\/revisions"}],"predecessor-version":[{"id":734,"href":"https:\/\/especializacao.cavg.ifsul.edu.br\/index.php\/wp-json\/wp\/v2\/pages\/571\/revisions\/734"}],"wp:attachment":[{"href":"https:\/\/especializacao.cavg.ifsul.edu.br\/index.php\/wp-json\/wp\/v2\/media?parent=571"}],"curies":[{"name":"wp","href":"https:\/\/api.w.org\/{rel}","templated":true}]}}